{"id":710,"date":"2010-04-21T11:48:16","date_gmt":"2010-04-21T09:48:16","guid":{"rendered":"http:\/\/www.xaeron.de\/?page_id=710"},"modified":"2017-08-08T23:40:37","modified_gmt":"2017-08-08T21:40:37","slug":"uber","status":"publish","type":"page","link":"https:\/\/www.xaeron.de\/?page_id=710","title":{"rendered":"\u00dcber"},"content":{"rendered":"<h3>Warum und zu welchem Zweck gibt es dieses Blog?<\/h3>\n<p>Zuerst wurde dieses Blog bei blogger.com gehostet bzw. eingerichtet. Zu Beginn war es eigentlich gar nicht f\u00fcr die \u00d6ffentlichkeit vorgesehen, sondern diente nur mir selbst als ein Instrument der Reflektion bzw. als eine Art Tagebuch. Aus diesem Grunde war es w\u00e4hrend seiner Zeit bei blogger.com weder \u00f6ffentlich noch wurde es f\u00fcr Google freigegeben. Andere, fremde Zugriffe waren seinerzeit nicht gew\u00fcnscht<\/p>\n<p>Erst sp\u00e4ter wandelte sich der technische Unterbau und dank Twitter und all der anderen sozialen Netzwerke wandelte sich die Zielsetzung dergestalt, dass auch allgemeine Gedanken und \u00dcberlegungen hinzukamen. Nach einem familieninternen Daten-Super-GAU erfolgte die Unterteilung in gesch\u00fctzte und \u00f6ffentliche Artikel.<\/p>\n<h3>Kleine Bloghistorie:<\/h3>\n<ul>\n<li>April 2007: Blog wird auf blogger.com gestartet, ist aber nirgends gelistet<\/li>\n<li>Februar 2008: Umzug auf wordpress.com und \u00dcbernahme der bisherigen Posts<\/li>\n<li>Juli 2008: Wechsel von der propriet\u00e4ren Plattform wordpress.com auf die eigene Domain basierend auf der Plattform von wordpress.org (das alles nur wegen dem Twitter-Plugin&#8230;.)<\/li>\n<li>April 2009: Super-Daten-GAU, Umstellung in \u00f6ffentliche und private Posts<\/li>\n<li>Juli 2009: Wechsel des Webhosters wegen Performanceproblemen<\/li>\n<li>Oktober 2009: Kleiner Tapetenwechsel im Design<\/li>\n<li>April 2010: Vorl\u00e4ufig letzter Wechsel des Designs (hoffentlich)<\/li>\n<li>Mai 2010: Integration eines Sideblog, welches die geposteten Bilder des t\u00e4glichen Lebens besser ins Blog integrieren sollte. Realisierung \u00fcber posterous mit Autopostings ins Blog und anschlie\u00dfender Ver\u00f6ffentlichung auf Twitter via RSS und Feedburner<\/li>\n<li>Oktober 2010: Neues Theme war n\u00f6tig<\/li>\n<li>Dezember 2010: Mit dem Jahreswechsel wurde das Sideblog wieder beerdigt (wie auch der Dienst Posterous etwas sp\u00e4ter).<\/li>\n<li>Februar 2014: Tochter wird geboren, die Zeit davor und danach ist der Familie gewidmet &#8211; Blogpause.<\/li>\n<li>Dezember 2014: Zum Comeback ein neues, minimalistisches Theme und aus Gr\u00fcnden der pers\u00f6nlichen Herausforderung (oder Selbstkasteiung \ud83d\ude09 ) erste Posts auf englisch.<\/li>\n<li>Oktober 2016: Ein neuer Themenkomplex aus der pers\u00f6nlichen Jobwelt wird sukzessive gepostet. Parallel hat der Blogbetreiber wieder mal Lust auf ein neues Theme \ud83d\ude09<\/li>\n<\/ul>\n","protected":false},"excerpt":{"rendered":"<p>Warum und zu welchem Zweck gibt es dieses Blog? Zuerst wurde dieses Blog bei blogger.com gehostet bzw. eingerichtet. Zu Beginn war es eigentlich gar nicht f\u00fcr die \u00d6ffentlichkeit vorgesehen, sondern diente nur mir selbst als ein Instrument der Reflektion bzw. als eine Art Tagebuch. Aus diesem Grunde war es w\u00e4hrend seiner Zeit bei blogger.com weder\u2026<\/p>\n","protected":false},"author":2,"featured_media":0,"parent":0,"menu_order":5,"comment_status":"closed","ping_status":"open","template":"","meta":[],"aioseo_notices":[],"_links":{"self":[{"href":"https:\/\/www.xaeron.de\/index.php?rest_route=\/wp\/v2\/pages\/710"}],"collection":[{"href":"https:\/\/www.xaeron.de\/index.php?rest_route=\/wp\/v2\/pages"}],"about":[{"href":"https:\/\/www.xaeron.de\/index.php?rest_route=\/wp\/v2\/types\/page"}],"author":[{"embeddable":true,"href":"https:\/\/www.xaeron.de\/index.php?rest_route=\/wp\/v2\/users\/2"}],"replies":[{"embeddable":true,"href":"https:\/\/www.xaeron.de\/index.php?rest_route=%2Fwp%2Fv2%2Fcomments&post=710"}],"version-history":[{"count":17,"href":"https:\/\/www.xaeron.de\/index.php?rest_route=\/wp\/v2\/pages\/710\/revisions"}],"predecessor-version":[{"id":2001,"href":"https:\/\/www.xaeron.de\/index.php?rest_route=\/wp\/v2\/pages\/710\/revisions\/2001"}],"wp:attachment":[{"href":"https:\/\/www.xaeron.de\/index.php?rest_route=%2Fwp%2Fv2%2Fmedia&parent=710"}],"curies":[{"name":"wp","href":"https:\/\/api.w.org\/{rel}","templated":true}]}}